

{"id":4,"date":"2011-12-08T11:55:34","date_gmt":"2011-12-08T11:55:34","guid":{"rendered":"http:\/\/project.inria.fr\/template1\/?page_id=4"},"modified":"2015-03-16T11:51:31","modified_gmt":"2015-03-16T10:51:31","slug":"home","status":"publish","type":"page","link":"https:\/\/ejcp2015.inria.fr\/fr\/","title":{"rendered":"EJCP 2015"},"content":{"rendered":"<p>L&rsquo;\u00c9cole jeunes chercheurs en programmation accueille chaque ann\u00e9e pendant une semaine une quarantaine de jeunes chercheurs en premi\u00e8re ann\u00e9e de th\u00e8se dans la communaut\u00e9 informatique.<\/p>\n<p>Les jeunes doctorants d\u00e9couvrent \u00e0 cette occasion un ensemble de th\u00e8mes de recherche qui n&rsquo;auront pas \u00e9t\u00e9 abord\u00e9s pendant leur MASTER. De plus, \u00e0 l&rsquo;issue de l&rsquo;\u00c9cole, tous conna\u00eetront l&rsquo;ensemble des th\u00e8mes \u00e9tudi\u00e9s dans nos \u00e9quipes et les sp\u00e9cialistes de chaque domaine.<\/p>\n<p>Gr\u00e2ce \u00e0 l&rsquo;enthousiasme sans cesse renouvel\u00e9 des intervenants, les cours sont de tr\u00e8s grande qualit\u00e9 : pr\u00e9sentations th\u00e9oriques et pratiques du domaine, illustrations des concepts, bibliographie, d\u00e9monstrations et support de cours.<\/p>\n<p>Cette ann\u00e9e, l&rsquo;\u00e9cole aura lieu au \u00a0<a href=\"http:\/\/www.inria.fr\/en\/centre\/nancy\">Inria<\/a>\u00a0&#038;\u00a0<a href=\"http:\/\/www.loria.fr\/\">LORIA<\/a>\u00a0Nancy du lundi 22 au vendredi 26 juin. Elle sera compos\u00e9e de deux parcours : un portant sur l&rsquo;ing\u00e9ni\u00e9rie logicielle (parcours SE), et un portant sur les langages de programmation et la v\u00e9rification (parcours LV). Le choix des cours suivis pourra se faire librement entre les deux parcours.<\/p>\n","protected":false},"excerpt":{"rendered":"<p>L&rsquo;\u00c9cole jeunes chercheurs en programmation accueille chaque ann\u00e9e pendant une semaine une quarantaine de jeunes chercheurs en premi\u00e8re ann\u00e9e de th\u00e8se dans la communaut\u00e9 informatique. Les jeunes doctorants d\u00e9couvrent \u00e0 cette occasion un ensemble de th\u00e8mes de recherche qui n&rsquo;auront pas \u00e9t\u00e9 abord\u00e9s pendant leur MASTER. De plus, \u00e0 l&rsquo;issue de l&rsquo;\u00c9cole, tous conna\u00eetront l&rsquo;ensemble &hellip; <\/p>\n<p><a class=\"more-link btn\" href=\"https:\/\/ejcp2015.inria.fr\/fr\/\">Lire la suite<\/a><\/p>\n","protected":false},"author":1,"featured_media":0,"parent":0,"menu_order":0,"comment_status":"closed","ping_status":"open","template":"","meta":{"footnotes":""},"class_list":["post-4","page","type-page","status-publish","hentry","nodate","item-wrap"],"_links":{"self":[{"href":"https:\/\/ejcp2015.inria.fr\/fr\/wp-json\/wp\/v2\/pages\/4","targetHints":{"allow":["GET"]}}],"collection":[{"href":"https:\/\/ejcp2015.inria.fr\/fr\/wp-json\/wp\/v2\/pages"}],"about":[{"href":"https:\/\/ejcp2015.inria.fr\/fr\/wp-json\/wp\/v2\/types\/page"}],"author":[{"embeddable":true,"href":"https:\/\/ejcp2015.inria.fr\/fr\/wp-json\/wp\/v2\/users\/1"}],"replies":[{"embeddable":true,"href":"https:\/\/ejcp2015.inria.fr\/fr\/wp-json\/wp\/v2\/comments?post=4"}],"version-history":[{"count":14,"href":"https:\/\/ejcp2015.inria.fr\/fr\/wp-json\/wp\/v2\/pages\/4\/revisions"}],"predecessor-version":[{"id":203,"href":"https:\/\/ejcp2015.inria.fr\/fr\/wp-json\/wp\/v2\/pages\/4\/revisions\/203"}],"wp:attachment":[{"href":"https:\/\/ejcp2015.inria.fr\/fr\/wp-json\/wp\/v2\/media?parent=4"}],"curies":[{"name":"wp","href":"https:\/\/api.w.org\/{rel}","templated":true}]}}